{"id":92,"date":"2022-08-28T15:02:07","date_gmt":"2022-08-28T15:02:07","guid":{"rendered":"https:\/\/inspiracreativa.es\/?page_id=92"},"modified":"2023-06-15T18:11:37","modified_gmt":"2023-06-15T18:11:37","slug":"servicios-inspira-creativa","status":"publish","type":"page","link":"https:\/\/inspiracreativa.es\/index.php\/servicios-inspira-creativa\/","title":{"rendered":"Servicios"},"content":{"rendered":"\t\t<div data-elementor-type=\"wp-page\" data-elementor-id=\"92\" class=\"elementor elementor-92\" data-elementor-post-type=\"page\">\n\t\t\t\t\t\t<section class=\"elementor-section elementor-top-section elementor-element elementor-element-26b0c97c elementor-section-content-middle elementor-section-boxed elementor-section-height-default elementor-section-height-default\" data-id=\"26b0c97c\" data-element_type=\"section\">\n\t\t\t\t\t\t<div class=\"elementor-container elementor-column-gap-no\">\n\t\t\t\t\t<div class=\"elementor-column elementor-col-100 elementor-top-column elementor-element elementor-element-6990362e\" data-id=\"6990362e\" data-element_type=\"column\">\n\t\t\t<div class=\"elementor-widget-wrap elementor-element-populated\">\n\t\t\t\t\t\t<div class=\"elementor-element elementor-element-5b04f709 elementor-widget elementor-widget-heading\" data-id=\"5b04f709\" data-element_type=\"widget\" data-widget_type=\"heading.default\">\n\t\t\t\t<div class=\"elementor-widget-container\">\n\t\t\t<style>\/*! elementor - v3.21.0 - 08-05-2024 *\/\n.elementor-heading-title{padding:0;margin:0;line-height:1}.elementor-widget-heading .elementor-heading-title[class*=elementor-size-]>a{color:inherit;font-size:inherit;line-height:inherit}.elementor-widget-heading .elementor-heading-title.elementor-size-small{font-size:15px}.elementor-widget-heading .elementor-heading-title.elementor-size-medium{font-size:19px}.elementor-widget-heading .elementor-heading-title.elementor-size-large{font-size:29px}.elementor-widget-heading .elementor-heading-title.elementor-size-xl{font-size:39px}.elementor-widget-heading .elementor-heading-title.elementor-size-xxl{font-size:59px}<\/style><h4 class=\"elementor-heading-title elementor-size-default\">Servicios Inspira Creativa<\/h4>\t\t<\/div>\n\t\t\t\t<\/div>\n\t\t\t\t<section class=\"elementor-section elementor-inner-section elementor-element elementor-element-1ba2fe56 elementor-section-content-middle elementor-section-boxed elementor-section-height-default elementor-section-height-default\" data-id=\"1ba2fe56\" data-element_type=\"section\">\n\t\t\t\t\t\t<div class=\"elementor-container elementor-column-gap-no\">\n\t\t\t\t\t<div class=\"elementor-column elementor-col-50 elementor-inner-column elementor-element elementor-element-ab47166\" data-id=\"ab47166\" data-element_type=\"column\" data-settings=\"{&quot;background_background&quot;:&quot;classic&quot;}\">\n\t\t\t<div class=\"elementor-widget-wrap elementor-element-populated\">\n\t\t\t\t\t\t<div class=\"elementor-element elementor-element-3361b5f elementor-widget elementor-widget-image\" data-id=\"3361b5f\" data-element_type=\"widget\" data-widget_type=\"image.default\">\n\t\t\t\t<div class=\"elementor-widget-container\">\n\t\t\t<style>\/*! elementor - v3.21.0 - 08-05-2024 *\/\n.elementor-widget-image{text-align:center}.elementor-widget-image a{display:inline-block}.elementor-widget-image a img[src$=\".svg\"]{width:48px}.elementor-widget-image img{vertical-align:middle;display:inline-block}<\/style>\t\t\t\t\t\t\t\t\t\t<img fetchpriority=\"high\" decoding=\"async\" width=\"1024\" height=\"1024\" src=\"https:\/\/inspiracreativa.es\/wp-content\/uploads\/2023\/06\/Creacion-Contenidos-1024x1024.jpg\" class=\"attachment-large size-large wp-image-682\" alt=\"Inspira Creativa\" srcset=\"https:\/\/inspiracreativa.es\/wp-content\/uploads\/2023\/06\/Creacion-Contenidos.jpg 1024w, https:\/\/inspiracreativa.es\/wp-content\/uploads\/2023\/06\/Creacion-Contenidos-300x300.jpg 300w, https:\/\/inspiracreativa.es\/wp-content\/uploads\/2023\/06\/Creacion-Contenidos-150x150.jpg 150w, https:\/\/inspiracreativa.es\/wp-content\/uploads\/2023\/06\/Creacion-Contenidos-768x768.jpg 768w\" sizes=\"(max-width: 1024px) 100vw, 1024px\" \/>\t\t\t\t\t\t\t\t\t\t\t\t\t<\/div>\n\t\t\t\t<\/div>\n\t\t\t\t<div class=\"elementor-element elementor-element-2fed4e37 elementor-align-center elementor-widget elementor-widget-button\" data-id=\"2fed4e37\" data-element_type=\"widget\" data-widget_type=\"button.default\">\n\t\t\t\t<div class=\"elementor-widget-container\">\n\t\t\t\t\t<div class=\"elementor-button-wrapper\">\n\t\t\t<a class=\"elementor-button elementor-button-link elementor-size-sm\" href=\"https:\/\/inspiracreativa.es\/index.php\/content-creator\/\" target=\"_blank\">\n\t\t\t\t\t\t<span class=\"elementor-button-content-wrapper\">\n\t\t\t\t\t\t\t\t\t<span class=\"elementor-button-text\">Content Creator<\/span>\n\t\t\t\t\t<\/span>\n\t\t\t\t\t<\/a>\n\t\t<\/div>\n\t\t\t\t<\/div>\n\t\t\t\t<\/div>\n\t\t\t\t\t<\/div>\n\t\t<\/div>\n\t\t\t\t<div class=\"elementor-column elementor-col-50 elementor-inner-column elementor-element elementor-element-16ccdcf4\" data-id=\"16ccdcf4\" data-element_type=\"column\" data-settings=\"{&quot;background_background&quot;:&quot;classic&quot;}\">\n\t\t\t<div class=\"elementor-widget-wrap elementor-element-populated\">\n\t\t\t\t\t\t<div class=\"elementor-element elementor-element-0939a8d elementor-widget elementor-widget-image\" data-id=\"0939a8d\" data-element_type=\"widget\" data-widget_type=\"image.default\">\n\t\t\t\t<div class=\"elementor-widget-container\">\n\t\t\t\t\t\t\t\t\t\t\t\t\t<img decoding=\"async\" width=\"1024\" height=\"1024\" src=\"https:\/\/inspiracreativa.es\/wp-content\/uploads\/2023\/06\/Diseno-sin-titulo-10-1024x1024.jpg\" class=\"attachment-large size-large wp-image-800\" alt=\"Inspira Creativa\" srcset=\"https:\/\/inspiracreativa.es\/wp-content\/uploads\/2023\/06\/Diseno-sin-titulo-10-1024x1024.jpg 1024w, https:\/\/inspiracreativa.es\/wp-content\/uploads\/2023\/06\/Diseno-sin-titulo-10-300x300.jpg 300w, https:\/\/inspiracreativa.es\/wp-content\/uploads\/2023\/06\/Diseno-sin-titulo-10-150x150.jpg 150w, https:\/\/inspiracreativa.es\/wp-content\/uploads\/2023\/06\/Diseno-sin-titulo-10-768x768.jpg 768w, https:\/\/inspiracreativa.es\/wp-content\/uploads\/2023\/06\/Diseno-sin-titulo-10-1536x1536.jpg 1536w, https:\/\/inspiracreativa.es\/wp-content\/uploads\/2023\/06\/Diseno-sin-titulo-10-2048x2048.jpg 2048w\" sizes=\"(max-width: 1024px) 100vw, 1024px\" \/>\t\t\t\t\t\t\t\t\t\t\t\t\t<\/div>\n\t\t\t\t<\/div>\n\t\t\t\t<div class=\"elementor-element elementor-element-dd821ef elementor-align-center elementor-widget elementor-widget-button\" data-id=\"dd821ef\" data-element_type=\"widget\" data-widget_type=\"button.default\">\n\t\t\t\t<div class=\"elementor-widget-container\">\n\t\t\t\t\t<div class=\"elementor-button-wrapper\">\n\t\t\t<a class=\"elementor-button elementor-button-link elementor-size-sm\" href=\"https:\/\/inspiracreativa.es\/index.php\/diseno-inspira-creativa\/\" target=\"_blank\">\n\t\t\t\t\t\t<span class=\"elementor-button-content-wrapper\">\n\t\t\t\t\t\t\t\t\t<span class=\"elementor-button-text\">Dise\u00f1o<\/span>\n\t\t\t\t\t<\/span>\n\t\t\t\t\t<\/a>\n\t\t<\/div>\n\t\t\t\t<\/div>\n\t\t\t\t<\/div>\n\t\t\t\t\t<\/div>\n\t\t<\/div>\n\t\t\t\t\t<\/div>\n\t\t<\/section>\n\t\t\t\t<section class=\"elementor-section elementor-inner-section elementor-element elementor-element-0a9fe4c elementor-section-content-middle elementor-section-boxed elementor-section-height-default elementor-section-height-default\" data-id=\"0a9fe4c\" data-element_type=\"section\">\n\t\t\t\t\t\t<div class=\"elementor-container elementor-column-gap-no\">\n\t\t\t\t\t<div class=\"elementor-column elementor-col-50 elementor-inner-column elementor-element elementor-element-ae9b313\" data-id=\"ae9b313\" data-element_type=\"column\" data-settings=\"{&quot;background_background&quot;:&quot;classic&quot;}\">\n\t\t\t<div class=\"elementor-widget-wrap elementor-element-populated\">\n\t\t\t\t\t\t<div class=\"elementor-element elementor-element-79d4fdb elementor-widget elementor-widget-image\" data-id=\"79d4fdb\" data-element_type=\"widget\" data-widget_type=\"image.default\">\n\t\t\t\t<div class=\"elementor-widget-container\">\n\t\t\t\t\t\t\t\t\t\t\t\t\t<img decoding=\"async\" width=\"1024\" height=\"1024\" src=\"https:\/\/inspiracreativa.es\/wp-content\/uploads\/2023\/06\/Fotografia-2-1024x1024.jpg\" class=\"attachment-large size-large wp-image-685\" alt=\"Inspira Creativa\" srcset=\"https:\/\/inspiracreativa.es\/wp-content\/uploads\/2023\/06\/Fotografia-2.jpg 1024w, https:\/\/inspiracreativa.es\/wp-content\/uploads\/2023\/06\/Fotografia-2-300x300.jpg 300w, https:\/\/inspiracreativa.es\/wp-content\/uploads\/2023\/06\/Fotografia-2-150x150.jpg 150w, https:\/\/inspiracreativa.es\/wp-content\/uploads\/2023\/06\/Fotografia-2-768x768.jpg 768w\" sizes=\"(max-width: 1024px) 100vw, 1024px\" \/>\t\t\t\t\t\t\t\t\t\t\t\t\t<\/div>\n\t\t\t\t<\/div>\n\t\t\t\t<div class=\"elementor-element elementor-element-4a77453 elementor-align-center elementor-widget elementor-widget-button\" data-id=\"4a77453\" data-element_type=\"widget\" data-widget_type=\"button.default\">\n\t\t\t\t<div class=\"elementor-widget-container\">\n\t\t\t\t\t<div class=\"elementor-button-wrapper\">\n\t\t\t<a class=\"elementor-button elementor-button-link elementor-size-sm\" href=\"https:\/\/inspiracreativa.es\/index.php\/fotografia\/\" target=\"_blank\">\n\t\t\t\t\t\t<span class=\"elementor-button-content-wrapper\">\n\t\t\t\t\t\t\t\t\t<span class=\"elementor-button-text\">Fotograf\u00eda<\/span>\n\t\t\t\t\t<\/span>\n\t\t\t\t\t<\/a>\n\t\t<\/div>\n\t\t\t\t<\/div>\n\t\t\t\t<\/div>\n\t\t\t\t\t<\/div>\n\t\t<\/div>\n\t\t\t\t<div class=\"elementor-column elementor-col-50 elementor-inner-column elementor-element elementor-element-a7e8012\" data-id=\"a7e8012\" data-element_type=\"column\" data-settings=\"{&quot;background_background&quot;:&quot;classic&quot;}\">\n\t\t\t<div class=\"elementor-widget-wrap elementor-element-populated\">\n\t\t\t\t\t\t<div class=\"elementor-element elementor-element-27340d9 elementor-widget elementor-widget-image\" data-id=\"27340d9\" data-element_type=\"widget\" data-widget_type=\"image.default\">\n\t\t\t\t<div class=\"elementor-widget-container\">\n\t\t\t\t\t\t\t\t\t\t\t\t\t<img loading=\"lazy\" decoding=\"async\" width=\"1024\" height=\"1024\" src=\"https:\/\/inspiracreativa.es\/wp-content\/uploads\/2023\/06\/Logos-1024x1024.jpg\" class=\"attachment-large size-large wp-image-686\" alt=\"Inspira Creativa\" srcset=\"https:\/\/inspiracreativa.es\/wp-content\/uploads\/2023\/06\/Logos.jpg 1024w, https:\/\/inspiracreativa.es\/wp-content\/uploads\/2023\/06\/Logos-300x300.jpg 300w, https:\/\/inspiracreativa.es\/wp-content\/uploads\/2023\/06\/Logos-150x150.jpg 150w, https:\/\/inspiracreativa.es\/wp-content\/uploads\/2023\/06\/Logos-768x768.jpg 768w\" sizes=\"(max-width: 1024px) 100vw, 1024px\" \/>\t\t\t\t\t\t\t\t\t\t\t\t\t<\/div>\n\t\t\t\t<\/div>\n\t\t\t\t<div class=\"elementor-element elementor-element-f43a64e elementor-align-center elementor-widget elementor-widget-button\" data-id=\"f43a64e\" data-element_type=\"widget\" data-widget_type=\"button.default\">\n\t\t\t\t<div class=\"elementor-widget-container\">\n\t\t\t\t\t<div class=\"elementor-button-wrapper\">\n\t\t\t<a class=\"elementor-button elementor-button-link elementor-size-sm\" href=\"https:\/\/inspiracreativa.es\/index.php\/creacion-de-logos\/\" target=\"_blank\">\n\t\t\t\t\t\t<span class=\"elementor-button-content-wrapper\">\n\t\t\t\t\t\t\t\t\t<span class=\"elementor-button-text\">dISE\u00d1O DE lOGOS<\/span>\n\t\t\t\t\t<\/span>\n\t\t\t\t\t<\/a>\n\t\t<\/div>\n\t\t\t\t<\/div>\n\t\t\t\t<\/div>\n\t\t\t\t\t<\/div>\n\t\t<\/div>\n\t\t\t\t\t<\/div>\n\t\t<\/section>\n\t\t\t\t\t<\/div>\n\t\t<\/div>\n\t\t\t\t\t<\/div>\n\t\t<\/section>\n\t\t\t\t<section class=\"elementor-section elementor-top-section elementor-element elementor-element-4d009f61 elementor-section-content-middle elementor-section-boxed elementor-section-height-default elementor-section-height-default\" data-id=\"4d009f61\" data-element_type=\"section\" data-settings=\"{&quot;background_background&quot;:&quot;classic&quot;}\">\n\t\t\t\t\t\t\t<div class=\"elementor-background-overlay\"><\/div>\n\t\t\t\t\t\t\t<div class=\"elementor-container elementor-column-gap-no\">\n\t\t\t\t\t<div class=\"elementor-column elementor-col-100 elementor-top-column elementor-element elementor-element-3fdcf25c\" data-id=\"3fdcf25c\" data-element_type=\"column\">\n\t\t\t<div class=\"elementor-widget-wrap elementor-element-populated\">\n\t\t\t\t\t\t<div class=\"elementor-element elementor-element-58e8d4e8 elementor-widget elementor-widget-heading\" data-id=\"58e8d4e8\" data-element_type=\"widget\" data-widget_type=\"heading.default\">\n\t\t\t\t<div class=\"elementor-widget-container\">\n\t\t\t<h4 class=\"elementor-heading-title elementor-size-default\">\u00bfTe interesa alguno de nuestros servicios?<\/h4>\t\t<\/div>\n\t\t\t\t<\/div>\n\t\t\t\t\t<\/div>\n\t\t<\/div>\n\t\t\t\t\t<\/div>\n\t\t<\/section>\n\t\t\t\t<section class=\"elementor-section elementor-top-section elementor-element elementor-element-21a48c9 elementor-section-boxed elementor-section-height-default elementor-section-height-default\" data-id=\"21a48c9\" data-element_type=\"section\">\n\t\t\t\t\t\t<div class=\"elementor-container elementor-column-gap-default\">\n\t\t\t\t\t<div class=\"elementor-column elementor-col-100 elementor-top-column elementor-element elementor-element-9ffc747\" data-id=\"9ffc747\" data-element_type=\"column\">\n\t\t\t<div class=\"elementor-widget-wrap elementor-element-populated\">\n\t\t\t\t\t\t<div class=\"elementor-element elementor-element-0418e87 elementor-align-center elementor-widget elementor-widget-button\" data-id=\"0418e87\" data-element_type=\"widget\" data-widget_type=\"button.default\">\n\t\t\t\t<div class=\"elementor-widget-container\">\n\t\t\t\t\t<div class=\"elementor-button-wrapper\">\n\t\t\t<a class=\"elementor-button elementor-button-link elementor-size-sm\" href=\"https:\/\/inspiracreativa.es\/index.php\/contacto\/\" target=\"_blank\">\n\t\t\t\t\t\t<span class=\"elementor-button-content-wrapper\">\n\t\t\t\t\t\t\t\t\t<span class=\"elementor-button-text\">Contacta<\/span>\n\t\t\t\t\t<\/span>\n\t\t\t\t\t<\/a>\n\t\t<\/div>\n\t\t\t\t<\/div>\n\t\t\t\t<\/div>\n\t\t\t\t\t<\/div>\n\t\t<\/div>\n\t\t\t\t\t<\/div>\n\t\t<\/section>\n\t\t\t\t<\/div>\n\t\t","protected":false},"excerpt":{"rendered":"<p>Servicios Inspira Creativa Content Creator Dise\u00f1o Fotograf\u00eda dISE\u00d1O DE lOGOS \u00bfTe interesa alguno de nuestros servicios? Contacta<\/p>\n","protected":false},"author":1,"featured_media":0,"parent":0,"menu_order":0,"comment_status":"closed","ping_status":"closed","template":"","meta":{"site-sidebar-layout":"no-sidebar","site-content-layout":"page-builder","ast-site-content-layout":"","site-content-style":"default","site-sidebar-style":"default","ast-global-header-display":"","ast-banner-title-visibility":"","ast-main-header-display":"","ast-hfb-above-header-display":"","ast-hfb-below-header-display":"","ast-hfb-mobile-header-display":"","site-post-title":"disabled","ast-breadcrumbs-content":"","ast-featured-img":"disabled","footer-sml-layout":"","theme-transparent-header-meta":"","adv-header-id-meta":"","stick-header-meta":"","header-above-stick-meta":"","header-main-stick-meta":"","header-below-stick-meta":"","astra-migrate-meta-layouts":"default","ast-page-background-enabled":"default","ast-page-background-meta":{"desktop":{"background-color":"var(--ast-global-color-4)","background-image":"","background-repeat":"repeat","background-position":"center center","background-size":"auto","background-attachment":"scroll","background-type":"","background-media":"","overlay-type":"","overlay-color":"","overlay-gradient":""},"tablet":{"background-color":"","background-image":"","background-repeat":"repeat","background-position":"center center","background-size":"auto","background-attachment":"scroll","background-type":"","background-media":"","overlay-type":"","overlay-color":"","overlay-gradient":""},"mobile":{"background-color":"","background-image":"","background-repeat":"repeat","background-position":"center center","background-size":"auto","background-attachment":"scroll","background-type":"","background-media":"","overlay-type":"","overlay-color":"","overlay-gradient":""}},"ast-content-background-meta":{"desktop":{"background-color":"var(--ast-global-color-5)","background-image":"","background-repeat":"repeat","background-position":"center center","background-size":"auto","background-attachment":"scroll","background-type":"","background-media":"","overlay-type":"","overlay-color":"","overlay-gradient":""},"tablet":{"background-color":"var(--ast-global-color-5)","background-image":"","background-repeat":"repeat","background-position":"center center","background-size":"auto","background-attachment":"scroll","background-type":"","background-media":"","overlay-type":"","overlay-color":"","overlay-gradient":""},"mobile":{"background-color":"var(--ast-global-color-5)","background-image":"","background-repeat":"repeat","background-position":"center center","background-size":"auto","background-attachment":"scroll","background-type":"","background-media":"","overlay-type":"","overlay-color":"","overlay-gradient":""}},"footnotes":""},"class_list":["post-92","page","type-page","status-publish","hentry"],"yoast_head":"<!-- This site is optimized with the Yoast SEO Premium plugin v20.9 (Yoast SEO v21.8.1) - https:\/\/yoast.com\/wordpress\/plugins\/seo\/ -->\n<title>Creaci\u00f3n de Contenidos para Redes Sociales, Dise\u00f1o y Fotograf\u00eda.<\/title>\n<meta name=\"description\" content=\"Servicios Inspira Creativa de Creaci\u00f3n de Contenidos para redes sociales, Fotograf\u00eda y Dise\u00f1o. \u00a1Creatividad al servicio de tu marca!\" \/>\n<meta name=\"robots\" content=\"index, follow, max-snippet:-1, max-image-preview:large, max-video-preview:-1\" \/>\n<link rel=\"canonical\" href=\"https:\/\/inspiracreativa.es\/index.php\/servicios-inspira-creativa\/\" \/>\n<meta property=\"og:locale\" content=\"es_ES\" \/>\n<meta property=\"og:type\" content=\"article\" \/>\n<meta property=\"og:title\" content=\"Servicios\" \/>\n<meta property=\"og:description\" content=\"Servicios Inspira Creativa de Creaci\u00f3n de Contenidos para redes sociales, Fotograf\u00eda y Dise\u00f1o. \u00a1Creatividad al servicio de tu marca!\" \/>\n<meta property=\"og:url\" content=\"https:\/\/inspiracreativa.es\/index.php\/servicios-inspira-creativa\/\" \/>\n<meta property=\"article:modified_time\" content=\"2023-06-15T18:11:37+00:00\" \/>\n<meta property=\"og:image\" content=\"https:\/\/inspiracreativa.es\/wp-content\/uploads\/2023\/06\/Creacion-Contenidos-1024x1024.jpg\" \/>\n<meta name=\"twitter:card\" content=\"summary_large_image\" \/>\n<meta name=\"twitter:label1\" content=\"Tiempo de lectura\" \/>\n\t<meta name=\"twitter:data1\" content=\"1 minuto\" \/>\n<script type=\"application\/ld+json\" class=\"yoast-schema-graph\">{\"@context\":\"https:\/\/schema.org\",\"@graph\":[{\"@type\":\"WebPage\",\"@id\":\"https:\/\/inspiracreativa.es\/index.php\/servicios-inspira-creativa\/\",\"url\":\"https:\/\/inspiracreativa.es\/index.php\/servicios-inspira-creativa\/\",\"name\":\"Creaci\u00f3n de Contenidos para Redes Sociales, Dise\u00f1o y Fotograf\u00eda.\",\"isPartOf\":{\"@id\":\"https:\/\/inspiracreativa.es\/#website\"},\"datePublished\":\"2022-08-28T15:02:07+00:00\",\"dateModified\":\"2023-06-15T18:11:37+00:00\",\"description\":\"Servicios Inspira Creativa de Creaci\u00f3n de Contenidos para redes sociales, Fotograf\u00eda y Dise\u00f1o. \u00a1Creatividad al servicio de tu marca!\",\"breadcrumb\":{\"@id\":\"https:\/\/inspiracreativa.es\/index.php\/servicios-inspira-creativa\/#breadcrumb\"},\"inLanguage\":\"es\",\"potentialAction\":[{\"@type\":\"ReadAction\",\"target\":[\"https:\/\/inspiracreativa.es\/index.php\/servicios-inspira-creativa\/\"]}]},{\"@type\":\"BreadcrumbList\",\"@id\":\"https:\/\/inspiracreativa.es\/index.php\/servicios-inspira-creativa\/#breadcrumb\",\"itemListElement\":[{\"@type\":\"ListItem\",\"position\":1,\"name\":\"Portada\",\"item\":\"https:\/\/inspiracreativa.es\/\"},{\"@type\":\"ListItem\",\"position\":2,\"name\":\"Servicios\"}]},{\"@type\":\"WebSite\",\"@id\":\"https:\/\/inspiracreativa.es\/#website\",\"url\":\"https:\/\/inspiracreativa.es\/\",\"name\":\"\",\"description\":\"Dise\u00f1os Creativos para Redes Sociales\",\"potentialAction\":[{\"@type\":\"SearchAction\",\"target\":{\"@type\":\"EntryPoint\",\"urlTemplate\":\"https:\/\/inspiracreativa.es\/?s={search_term_string}\"},\"query-input\":\"required name=search_term_string\"}],\"inLanguage\":\"es\"}]}<\/script>\n<!-- \/ Yoast SEO Premium plugin. -->","yoast_head_json":{"title":"Creaci\u00f3n de Contenidos para Redes Sociales, Dise\u00f1o y Fotograf\u00eda.","description":"Servicios Inspira Creativa de Creaci\u00f3n de Contenidos para redes sociales, Fotograf\u00eda y Dise\u00f1o. \u00a1Creatividad al servicio de tu marca!","robots":{"index":"index","follow":"follow","max-snippet":"max-snippet:-1","max-image-preview":"max-image-preview:large","max-video-preview":"max-video-preview:-1"},"canonical":"https:\/\/inspiracreativa.es\/index.php\/servicios-inspira-creativa\/","og_locale":"es_ES","og_type":"article","og_title":"Servicios","og_description":"Servicios Inspira Creativa de Creaci\u00f3n de Contenidos para redes sociales, Fotograf\u00eda y Dise\u00f1o. \u00a1Creatividad al servicio de tu marca!","og_url":"https:\/\/inspiracreativa.es\/index.php\/servicios-inspira-creativa\/","article_modified_time":"2023-06-15T18:11:37+00:00","og_image":[{"url":"https:\/\/inspiracreativa.es\/wp-content\/uploads\/2023\/06\/Creacion-Contenidos-1024x1024.jpg"}],"twitter_card":"summary_large_image","twitter_misc":{"Tiempo de lectura":"1 minuto"},"schema":{"@context":"https:\/\/schema.org","@graph":[{"@type":"WebPage","@id":"https:\/\/inspiracreativa.es\/index.php\/servicios-inspira-creativa\/","url":"https:\/\/inspiracreativa.es\/index.php\/servicios-inspira-creativa\/","name":"Creaci\u00f3n de Contenidos para Redes Sociales, Dise\u00f1o y Fotograf\u00eda.","isPartOf":{"@id":"https:\/\/inspiracreativa.es\/#website"},"datePublished":"2022-08-28T15:02:07+00:00","dateModified":"2023-06-15T18:11:37+00:00","description":"Servicios Inspira Creativa de Creaci\u00f3n de Contenidos para redes sociales, Fotograf\u00eda y Dise\u00f1o. \u00a1Creatividad al servicio de tu marca!","breadcrumb":{"@id":"https:\/\/inspiracreativa.es\/index.php\/servicios-inspira-creativa\/#breadcrumb"},"inLanguage":"es","potentialAction":[{"@type":"ReadAction","target":["https:\/\/inspiracreativa.es\/index.php\/servicios-inspira-creativa\/"]}]},{"@type":"BreadcrumbList","@id":"https:\/\/inspiracreativa.es\/index.php\/servicios-inspira-creativa\/#breadcrumb","itemListElement":[{"@type":"ListItem","position":1,"name":"Portada","item":"https:\/\/inspiracreativa.es\/"},{"@type":"ListItem","position":2,"name":"Servicios"}]},{"@type":"WebSite","@id":"https:\/\/inspiracreativa.es\/#website","url":"https:\/\/inspiracreativa.es\/","name":"","description":"Dise\u00f1os Creativos para Redes Sociales","potentialAction":[{"@type":"SearchAction","target":{"@type":"EntryPoint","urlTemplate":"https:\/\/inspiracreativa.es\/?s={search_term_string}"},"query-input":"required name=search_term_string"}],"inLanguage":"es"}]}},"_links":{"self":[{"href":"https:\/\/inspiracreativa.es\/index.php\/wp-json\/wp\/v2\/pages\/92","targetHints":{"allow":["GET"]}}],"collection":[{"href":"https:\/\/inspiracreativa.es\/index.php\/wp-json\/wp\/v2\/pages"}],"about":[{"href":"https:\/\/inspiracreativa.es\/index.php\/wp-json\/wp\/v2\/types\/page"}],"author":[{"embeddable":true,"href":"https:\/\/inspiracreativa.es\/index.php\/wp-json\/wp\/v2\/users\/1"}],"replies":[{"embeddable":true,"href":"https:\/\/inspiracreativa.es\/index.php\/wp-json\/wp\/v2\/comments?post=92"}],"version-history":[{"count":78,"href":"https:\/\/inspiracreativa.es\/index.php\/wp-json\/wp\/v2\/pages\/92\/revisions"}],"predecessor-version":[{"id":804,"href":"https:\/\/inspiracreativa.es\/index.php\/wp-json\/wp\/v2\/pages\/92\/revisions\/804"}],"wp:attachment":[{"href":"https:\/\/inspiracreativa.es\/index.php\/wp-json\/wp\/v2\/media?parent=92"}],"curies":[{"name":"wp","href":"https:\/\/api.w.org\/{rel}","templated":true}]}}